{"id":28,"date":"2025-01-31T07:59:31","date_gmt":"2025-01-31T13:59:31","guid":{"rendered":"https:\/\/br.artereciclada.com.br\/?page_id=28"},"modified":"2025-04-03T12:32:54","modified_gmt":"2025-04-03T15:32:54","slug":"contato","status":"publish","type":"page","link":"https:\/\/br.artereciclada.com.br\/en_gb\/contato\/","title":{"rendered":"Contato"},"content":{"rendered":"<p>Se voc\u00ea tem d\u00favidas, sugest\u00f5es ou deseja saber mais sobre as nossas dicas e tend\u00eancias de beleza e moda, entre em contato conosco pelo e-mail:<\/p>\n\n\n\n<p><strong><a class=\"\" href=\"mailto:contato@artereciclada.com.br\">contato@artereciclada.com.br<\/a><\/strong><\/p>\n\n\n\n<p><strong>Hor\u00e1rio de Atendimento:<\/strong><br>Segunda a Sexta, das 9h \u00e0s 18h<\/p>\n\n\n\n<p>Nossa equipe est\u00e1 pronta para responder suas perguntas e ajudar voc\u00ea a transformar seu visual. Agradecemos o seu interesse e esperamos seu contato!<\/p>","protected":false},"excerpt":{"rendered":"<p>Se voc\u00ea tem d\u00favidas, sugest\u00f5es ou deseja saber mais sobre as nossas dicas e tend\u00eancias de beleza e moda, entre em contato conosco pelo e-mail: contato@artereciclada.com.br Hor\u00e1rio de Atendimento:Segunda a Sexta, das 9h \u00e0s 18h Nossa equipe est\u00e1 pronta para responder suas perguntas e ajudar voc\u00ea a transformar seu visual. Agradecemos o seu interesse e [&hellip;]<\/p>\n","protected":false},"author":2,"featured_media":17,"parent":0,"menu_order":0,"comment_status":"closed","ping_status":"closed","template":"","meta":{"footnotes":""},"class_list":["post-28","page","type-page","status-publish","has-post-thumbnail","hentry"],"blocksy_meta":[],"_links":{"self":[{"href":"https:\/\/br.artereciclada.com.br\/en_gb\/wp-json\/wp\/v2\/pages\/28","targetHints":{"allow":["GET"]}}],"collection":[{"href":"https:\/\/br.artereciclada.com.br\/en_gb\/wp-json\/wp\/v2\/pages"}],"about":[{"href":"https:\/\/br.artereciclada.com.br\/en_gb\/wp-json\/wp\/v2\/types\/page"}],"author":[{"embeddable":true,"href":"https:\/\/br.artereciclada.com.br\/en_gb\/wp-json\/wp\/v2\/users\/2"}],"replies":[{"embeddable":true,"href":"https:\/\/br.artereciclada.com.br\/en_gb\/wp-json\/wp\/v2\/comments?post=28"}],"version-history":[{"count":3,"href":"https:\/\/br.artereciclada.com.br\/en_gb\/wp-json\/wp\/v2\/pages\/28\/revisions"}],"predecessor-version":[{"id":166,"href":"https:\/\/br.artereciclada.com.br\/en_gb\/wp-json\/wp\/v2\/pages\/28\/revisions\/166"}],"wp:featuredmedia":[{"embeddable":true,"href":"https:\/\/br.artereciclada.com.br\/en_gb\/wp-json\/wp\/v2\/media\/17"}],"wp:attachment":[{"href":"https:\/\/br.artereciclada.com.br\/en_gb\/wp-json\/wp\/v2\/media?parent=28"}],"curies":[{"name":"wp","href":"https:\/\/api.w.org\/{rel}","templated":true}]}}